{"id":223398,"date":"2019-12-28T11:30:21","date_gmt":"2019-12-28T11:30:21","guid":{"rendered":"http:\/\/visum-saudi-arabien.com\/?page_id=223398"},"modified":"2021-04-01T12:03:36","modified_gmt":"2021-04-01T12:03:36","slug":"impressum","status":"publish","type":"page","link":"https:\/\/visum-saudi-arabien.com\/en\/impressum\/","title":{"rendered":"Imprint"},"content":{"rendered":"<p>[et_pb_section fb_built=&#8221;1&#8243; admin_label=&#8221;Contact hero&#8221; _builder_version=&#8221;4.2.2&#8243; background_enable_color=&#8221;off&#8221; background_enable_image=&#8221;off&#8221; background_blend=&#8221;screen&#8221; custom_padding=&#8221;100px|0px|147px|0px||&#8221; animation_direction=&#8221;top&#8221; box_shadow_style=&#8221;preset7&#8243; box_shadow_horizontal=&#8221;0px&#8221; box_shadow_vertical=&#8221;-260px&#8221; box_shadow_color=&#8221;#ffffff&#8221; locked=&#8221;off&#8221;][et_pb_row column_structure=&#8221;1_3,1_3,1_3&#8243; _builder_version=&#8221;4.0.9&#8243; custom_margin=&#8221;|||&#8221; custom_padding=&#8221;27px|0px|0px|0px||&#8221; custom_width_px=&#8221;1280px&#8221;][et_pb_column type=&#8221;1_3&#8243; _builder_version=&#8221;3.25&#8243; custom_padding=&#8221;|||&#8221; custom_padding__hover=&#8221;|||&#8221;][\/et_pb_column][et_pb_column type=&#8221;1_3&#8243; _builder_version=&#8221;3.25&#8243; custom_padding=&#8221;|||&#8221; custom_padding__hover=&#8221;|||&#8221;][et_pb_text _builder_version=&#8221;4.2.2&#8243; text_font=&#8221;Poppins||||||||&#8221; header_font=&#8221;|700|||||||&#8221; header_2_font=&#8221;|700|||||||&#8221; header_2_text_color=&#8221;#7272ff&#8221; header_2_font_size=&#8221;36px&#8221; header_2_line_height=&#8221;1.3em&#8221; text_orientation=&#8221;center&#8221; custom_margin=&#8221;||20px|&#8221; animation_style=&#8221;none&#8221; animation_direction=&#8221;bottom&#8221; locked=&#8221;off&#8221; header_font_size__hover=&#8221;30px&#8221; header_font_size__hover_enabled=&#8221;30px&#8221; header_letter_spacing__hover=&#8221;0px&#8221; header_letter_spacing__hover_enabled=&#8221;0px&#8221; header_text_shadow_style__hover=&#8221;none&#8221; header_text_shadow_style__hover_enabled=&#8221;none&#8221; header_text_shadow_color__hover=&#8221;rgba(0,0,0,0.4)&#8221; header_text_shadow_color__hover_enabled=&#8221;rgba(0,0,0,0.4)&#8221;]<\/p>\n<h1><span style=\"color: #16ca63;\">Impressum<\/span><\/h1>\n<p>[\/et_pb_text][et_pb_divider color=&#8221;#16ca63&#8243; divider_weight=&#8221;4px&#8221; disabled_on=&#8221;off|off|off&#8221; _builder_version=&#8221;4.2.2&#8243; background_size=&#8221;initial&#8221; background_position=&#8221;top_left&#8221; background_repeat=&#8221;repeat&#8221; max_width=&#8221;40px&#8221; module_alignment=&#8221;center&#8221; custom_margin=&#8221;||10px|&#8221; animation_direction=&#8221;left&#8221; saved_tabs=&#8221;all&#8221; locked=&#8221;off&#8221;][\/et_pb_divider][\/et_pb_column][et_pb_column type=&#8221;1_3&#8243; _builder_version=&#8221;3.25&#8243; custom_padding=&#8221;|||&#8221; custom_padding__hover=&#8221;|||&#8221;][\/et_pb_column][\/et_pb_row][et_pb_row _builder_version=&#8221;4.0.9&#8243;][et_pb_column type=&#8221;4_4&#8243; _builder_version=&#8221;4.0.9&#8243;][et_pb_text _builder_version=&#8221;4.2.2&#8243; text_orientation=&#8221;center&#8221; custom_padding=&#8221;1px|||||&#8221; animation_direction=&#8221;top&#8221;]<\/p>\n<section class=\"pdf_page\" aria-label=\"Page 1\">\n<div class=\"textlayer\">\n<h3 style=\"text-align: left;\"><span style=\"color: #262626;\"><strong>Angaben gem\u00e4\u00df \u00a7 5 TMG:<\/strong><\/span><\/h3>\n<p style=\"text-align: left;\">visum-saudi-arabien.com ein Service von:<\/p>\n<p style=\"text-align: left;\"><strong>Visum International<\/strong><br \/>Gesch\u00e4ftsf\u00fchrer: Abdelkader Simakie<br \/>Danziger Str. 26<br \/>10435 Berlin<\/p>\n<p style=\"text-align: left;\"><strong>Kontakt:<\/strong><br \/>Telefon: 030-23919533<br \/>Telefax: 030-23919534<br \/>E-Mail: info@visum-international.de<\/p>\n<h3 style=\"text-align: left;\"><\/h3>\n<h3 style=\"text-align: left;\"><span style=\"color: #262626;\"><strong>Umsatzsteuer:<\/strong><\/span><\/h3>\n<p style=\"text-align: left;\">Umsatzsteuer-Identifikationsnummer gem\u00e4\u00df \u00a727 a Umsatzsteuergesetz:<br \/>DE252809043<\/p>\n<p style=\"text-align: left;\">Streitschlichtung<br \/>Die Europ\u00e4ische Kommission stellt eine Plattform zur Online-Streitbeilegung (OS) bereit: <a href=\"https:\/\/ec.europa.eu\/consumers\/odr\" target=\"_blank\" rel=\"noopener noreferrer\">https:\/\/ec.europa.eu\/consumers\/odr<\/a> Unsere E-Mail-Adresse finden Sie oben im Impressum. Wir sind nicht bereit oder verpflichtet, an Streitbeilegungsverfahren vor einer Verbraucherschlichtungsstelle teilzunehmen.<\/p>\n<h3 style=\"text-align: left;\"><\/h3>\n<h3 style=\"text-align: left;\"><span style=\"color: #262626;\"><strong>Haftung f\u00fcr Inhalte<\/strong><\/span><\/h3>\n<p style=\"text-align: left;\">Als Diensteanbieter sind wir gem\u00e4\u00df \u00a7 7 Abs.1 TMG f\u00fcr eigene Inhalte auf diesen Seiten nachden allgemeinen Gesetzen verantwortlich. Nach \u00a7\u00a7 8 bis 10 TMG sind wir als Diensteanbieter jedoch nicht verpflichtet, \u00fcbermittelte oder gespeicherte fremde Informationen zu \u00fcberwachen oder nach Umst\u00e4nden zu forschen, die auf eine rechtswidrige T\u00e4tigkeit hinweisen.Verpflichtungen zur Entfernung oder Sperrung der Nutzung von Informationen nach den allgemeinen Gesetzen bleiben hiervon unber\u00fchrt. Eine diesbez\u00fcgliche Haftung ist jedoch erst ab dem Zeitpunkt der Kenntnis einer konkreten Rechtsverletzung m\u00f6glich. Bei Bekanntwerden von entsprechenden Rechtsverletzungen werden wir diese Inhalte umgehend entfernen.<\/p>\n<h3 style=\"text-align: left;\"><\/h3>\n<h3 style=\"text-align: left;\"><span style=\"color: #262626;\"><strong>Haftung f\u00fcr Links<\/strong><\/span><\/h3>\n<p style=\"text-align: left;\">Unser Angebot enth\u00e4lt Links zu externen Websites Dritter, auf deren Inhalte wir keinen Einfluss haben. Deshalb k\u00f6nnen wir f\u00fcr diese fremden Inhalte auch keine Gew\u00e4hr \u00fcbernehmen. F\u00fcr die Inhalte der verlinkten Seiten ist stets der jeweilige Anbieter oder Betreiber der Seiten verantwortlich. Die verlinkten Seiten wurden zum Zeitpunkt der Verlinkung auf m\u00f6gliche Rechtsverst\u00f6\u00dfe \u00fcberpr\u00fcft. Rechtswidrige Inhalte waren zum Zeitpunkt der Verlinkung nicht erkennbar. Eine permanente inhaltliche Kontrolle der verlinkten Seiten ist jedoch ohne konkrete Anhaltspunkte einer Rechtsverletzung nicht zumutbar. Bei Bekanntwerden von Rechtsverletzungen werden wir derartige Links umgehend entfernen.<\/p>\n<h3 style=\"text-align: left;\"><\/h3>\n<h3 style=\"text-align: left;\"><strong><span style=\"color: #262626;\">Urheberrecht<\/span><\/strong><\/h3>\n<p style=\"text-align: left;\">Die durch die Seitenbetreiber erstellten Inhalte und Werke auf diesen Seiten unterliegen dem deutschen Urheberrecht. Die Vervielf\u00e4ltigung, Bearbeitung, Verbreitung und jede Art der Verwertung au\u00dferhalb der Grenzen des Urheberrechtes bed\u00fcrfen der schriftlichen Zustimmung des jeweiligen Autors bzw. Erstellers. Downloads und Kopien dieser Seite sind nur f\u00fcr den privaten, nicht kommerziellen Gebrauch gestattet. Soweit die Inhalte auf dieser Seite nicht vom Betreiber erstellt wurden, werden die Urheberrechte Dritter beachtet. Insbesondere werden Inhalte Dritter als solche gekennzeichnet. Sollten Sie trotzdem auf eine Urheberrechtsverletzung aufmerksam werden, bitten wir um einen entsprechenden Hinweis. Bei Bekanntwerden von Rechtsverletzungen werden wir derartige Inhalte umgehend entfernen.<\/p>\n<\/div>\n<\/section>\n<p>[\/et_pb_text][\/et_pb_column][\/et_pb_row][\/et_pb_section]<\/p>\n","protected":false},"excerpt":{"rendered":"<p>Impressum Angaben gem\u00e4\u00df \u00a7 5 TMG: visum-saudi-arabien.com ein Service von: Visum InternationalGesch\u00e4ftsf\u00fchrer: Abdelkader SimakieDanziger Str. 2610435 Berlin Kontakt:Telefon: 030-23919533Telefax: 030-23919534E-Mail: info@visum-international.de Umsatzsteuer: Umsatzsteuer-Identifikationsnummer gem\u00e4\u00df \u00a727 a Umsatzsteuergesetz:DE252809043 StreitschlichtungDie Europ\u00e4ische Kommission stellt eine Plattform zur Online-Streitbeilegung (OS) bereit: https:\/\/ec.europa.eu\/consumers\/odr Unsere E-Mail-Adresse finden Sie oben im Impressum. Wir sind nicht bereit oder verpflichtet, an Streitbeilegungsverfahren vor einer [&hellip;]<\/p>\n","protected":false},"author":1,"featured_media":0,"parent":0,"menu_order":0,"comment_status":"closed","ping_status":"closed","template":"","meta":{"_et_pb_use_builder":"on","_et_pb_old_content":"","_et_gb_content_width":""},"yoast_head":"<!-- This site is optimized with the Yoast SEO plugin v21.8.1 - https:\/\/yoast.com\/wordpress\/plugins\/seo\/ -->\n<title>Impressum | Visum Saudi-Arabien | Visum International<\/title>\n<meta name=\"description\" content=\"Impressum Visum International Angaben gem\u00e4\u00df \u00a7 5 TMG:visum-saudi-arabien.com ein Service von: Visum International Gesch\u00e4ftsf\u00fchrer: Abdelkader Simakie\" \/>\n<meta name=\"robots\" content=\"index, follow, max-snippet:-1, max-image-preview:large, max-video-preview:-1\" \/>\n<link rel=\"canonical\" href=\"https:\/\/visum-saudi-arabien.com\/en\/impressum\/\" \/>\n<meta property=\"og:locale\" content=\"en_GB\" \/>\n<meta property=\"og:type\" content=\"article\" \/>\n<meta property=\"og:title\" content=\"Impressum | Visum Saudi-Arabien | Visum International\" \/>\n<meta property=\"og:description\" content=\"Impressum Visum International Angaben gem\u00e4\u00df \u00a7 5 TMG:visum-saudi-arabien.com ein Service von: Visum International Gesch\u00e4ftsf\u00fchrer: Abdelkader Simakie\" \/>\n<meta property=\"og:url\" content=\"https:\/\/visum-saudi-arabien.com\/en\/impressum\/\" \/>\n<meta property=\"og:site_name\" content=\"Visum Saudi-Arabien\" \/>\n<meta property=\"article:modified_time\" content=\"2021-04-01T12:03:36+00:00\" \/>\n<meta name=\"twitter:card\" content=\"summary_large_image\" \/>\n<meta name=\"twitter:label1\" content=\"Estimated reading time\" \/>\n\t<meta name=\"twitter:data1\" content=\"3 minutes\" \/>\n<script type=\"application\/ld+json\" class=\"yoast-schema-graph\">{\"@context\":\"https:\/\/schema.org\",\"@graph\":[{\"@type\":\"WebPage\",\"@id\":\"https:\/\/visum-saudi-arabien.com\/impressum\/\",\"url\":\"https:\/\/visum-saudi-arabien.com\/impressum\/\",\"name\":\"Impressum | Visum Saudi-Arabien | Visum International\",\"isPartOf\":{\"@id\":\"https:\/\/visum-saudi-arabien.com\/#website\"},\"datePublished\":\"2019-12-28T11:30:21+00:00\",\"dateModified\":\"2021-04-01T12:03:36+00:00\",\"description\":\"Impressum Visum International Angaben gem\u00e4\u00df \u00a7 5 TMG:visum-saudi-arabien.com ein Service von: Visum International Gesch\u00e4ftsf\u00fchrer: Abdelkader Simakie\",\"breadcrumb\":{\"@id\":\"https:\/\/visum-saudi-arabien.com\/impressum\/#breadcrumb\"},\"inLanguage\":\"en-GB\",\"potentialAction\":[{\"@type\":\"ReadAction\",\"target\":[\"https:\/\/visum-saudi-arabien.com\/impressum\/\"]}]},{\"@type\":\"BreadcrumbList\",\"@id\":\"https:\/\/visum-saudi-arabien.com\/impressum\/#breadcrumb\",\"itemListElement\":[{\"@type\":\"ListItem\",\"position\":1,\"name\":\"Startseite\",\"item\":\"https:\/\/visum-saudi-arabien.com\/\"},{\"@type\":\"ListItem\",\"position\":2,\"name\":\"Impressum\"}]},{\"@type\":\"WebSite\",\"@id\":\"https:\/\/visum-saudi-arabien.com\/#website\",\"url\":\"https:\/\/visum-saudi-arabien.com\/\",\"name\":\"Visum International\",\"description\":\"e-Visum online beantragen\",\"publisher\":{\"@id\":\"https:\/\/visum-saudi-arabien.com\/#organization\"},\"potentialAction\":[{\"@type\":\"SearchAction\",\"target\":{\"@type\":\"EntryPoint\",\"urlTemplate\":\"https:\/\/visum-saudi-arabien.com\/?s={search_term_string}\"},\"query-input\":\"required name=search_term_string\"}],\"inLanguage\":\"en-GB\"},{\"@type\":\"Organization\",\"@id\":\"https:\/\/visum-saudi-arabien.com\/#organization\",\"name\":\"Visum International\",\"url\":\"https:\/\/visum-saudi-arabien.com\/\",\"logo\":{\"@type\":\"ImageObject\",\"inLanguage\":\"en-GB\",\"@id\":\"https:\/\/visum-saudi-arabien.com\/#\/schema\/logo\/image\/\",\"url\":\"\",\"contentUrl\":\"\",\"caption\":\"Visum International\"},\"image\":{\"@id\":\"https:\/\/visum-saudi-arabien.com\/#\/schema\/logo\/image\/\"}}]}<\/script>\n<!-- \/ Yoast SEO plugin. -->","yoast_head_json":{"title":"Impressum | Visum Saudi-Arabien | Visum International","description":"Impressum Visum International Angaben gem\u00e4\u00df \u00a7 5 TMG:visum-saudi-arabien.com ein Service von: Visum International Gesch\u00e4ftsf\u00fchrer: Abdelkader Simakie","robots":{"index":"index","follow":"follow","max-snippet":"max-snippet:-1","max-image-preview":"max-image-preview:large","max-video-preview":"max-video-preview:-1"},"canonical":"https:\/\/visum-saudi-arabien.com\/en\/impressum\/","og_locale":"en_GB","og_type":"article","og_title":"Impressum | Visum Saudi-Arabien | Visum International","og_description":"Impressum Visum International Angaben gem\u00e4\u00df \u00a7 5 TMG:visum-saudi-arabien.com ein Service von: Visum International Gesch\u00e4ftsf\u00fchrer: Abdelkader Simakie","og_url":"https:\/\/visum-saudi-arabien.com\/en\/impressum\/","og_site_name":"Visum Saudi-Arabien","article_modified_time":"2021-04-01T12:03:36+00:00","twitter_card":"summary_large_image","twitter_misc":{"Estimated reading time":"3 minutes"},"schema":{"@context":"https:\/\/schema.org","@graph":[{"@type":"WebPage","@id":"https:\/\/visum-saudi-arabien.com\/impressum\/","url":"https:\/\/visum-saudi-arabien.com\/impressum\/","name":"Impressum | Visum Saudi-Arabien | Visum International","isPartOf":{"@id":"https:\/\/visum-saudi-arabien.com\/#website"},"datePublished":"2019-12-28T11:30:21+00:00","dateModified":"2021-04-01T12:03:36+00:00","description":"Impressum Visum International Angaben gem\u00e4\u00df \u00a7 5 TMG:visum-saudi-arabien.com ein Service von: Visum International Gesch\u00e4ftsf\u00fchrer: Abdelkader Simakie","breadcrumb":{"@id":"https:\/\/visum-saudi-arabien.com\/impressum\/#breadcrumb"},"inLanguage":"en-GB","potentialAction":[{"@type":"ReadAction","target":["https:\/\/visum-saudi-arabien.com\/impressum\/"]}]},{"@type":"BreadcrumbList","@id":"https:\/\/visum-saudi-arabien.com\/impressum\/#breadcrumb","itemListElement":[{"@type":"ListItem","position":1,"name":"Startseite","item":"https:\/\/visum-saudi-arabien.com\/"},{"@type":"ListItem","position":2,"name":"Impressum"}]},{"@type":"WebSite","@id":"https:\/\/visum-saudi-arabien.com\/#website","url":"https:\/\/visum-saudi-arabien.com\/","name":"Visum International","description":"e-Visum online beantragen","publisher":{"@id":"https:\/\/visum-saudi-arabien.com\/#organization"},"potentialAction":[{"@type":"SearchAction","target":{"@type":"EntryPoint","urlTemplate":"https:\/\/visum-saudi-arabien.com\/?s={search_term_string}"},"query-input":"required name=search_term_string"}],"inLanguage":"en-GB"},{"@type":"Organization","@id":"https:\/\/visum-saudi-arabien.com\/#organization","name":"Visum International","url":"https:\/\/visum-saudi-arabien.com\/","logo":{"@type":"ImageObject","inLanguage":"en-GB","@id":"https:\/\/visum-saudi-arabien.com\/#\/schema\/logo\/image\/","url":"","contentUrl":"","caption":"Visum International"},"image":{"@id":"https:\/\/visum-saudi-arabien.com\/#\/schema\/logo\/image\/"}}]}},"_links":{"self":[{"href":"https:\/\/visum-saudi-arabien.com\/en\/wp-json\/wp\/v2\/pages\/223398"}],"collection":[{"href":"https:\/\/visum-saudi-arabien.com\/en\/wp-json\/wp\/v2\/pages"}],"about":[{"href":"https:\/\/visum-saudi-arabien.com\/en\/wp-json\/wp\/v2\/types\/page"}],"author":[{"embeddable":true,"href":"https:\/\/visum-saudi-arabien.com\/en\/wp-json\/wp\/v2\/users\/1"}],"replies":[{"embeddable":true,"href":"https:\/\/visum-saudi-arabien.com\/en\/wp-json\/wp\/v2\/comments?post=223398"}],"version-history":[{"count":14,"href":"https:\/\/visum-saudi-arabien.com\/en\/wp-json\/wp\/v2\/pages\/223398\/revisions"}],"predecessor-version":[{"id":225405,"href":"https:\/\/visum-saudi-arabien.com\/en\/wp-json\/wp\/v2\/pages\/223398\/revisions\/225405"}],"wp:attachment":[{"href":"https:\/\/visum-saudi-arabien.com\/en\/wp-json\/wp\/v2\/media?parent=223398"}],"curies":[{"name":"wp","href":"https:\/\/api.w.org\/{rel}","templated":true}]}}