{"id":223400,"date":"2020-02-02T11:37:23","date_gmt":"2020-02-02T11:37:23","guid":{"rendered":"http:\/\/visum-saudi-arabien.com\/?page_id=223400"},"modified":"2020-02-10T18:37:20","modified_gmt":"2020-02-10T18:37:20","slug":"jetzt-beantragen","status":"publish","type":"page","link":"https:\/\/visum-saudi-arabien.com\/en\/jetzt-beantragen\/","title":{"rendered":"APPLY NOW"},"content":{"rendered":"\n[et_pb_section fb_built=&#8221;1&#8243; disabled_on=&#8221;on|on|off&#8221; admin_label=&#8221;Contact hero&#8221; _builder_version=&#8221;4.3&#8243; background_enable_color=&#8221;off&#8221; background_enable_image=&#8221;off&#8221; parallax=&#8221;on&#8221; custom_padding=&#8221;50px|0px|0px|0px||&#8221; animation_direction=&#8221;top&#8221; background_last_edited=&#8221;off|desktop&#8221; background_enable_color_phone=&#8221;off&#8221; box_shadow_style=&#8221;preset7&#8243; box_shadow_horizontal=&#8221;0px&#8221; box_shadow_vertical=&#8221;-260px&#8221; box_shadow_color=&#8221;#ffffff&#8221; locked=&#8221;off&#8221;][et_pb_row _builder_version=&#8221;4.3&#8243; custom_margin=&#8221;|||&#8221; custom_padding=&#8221;27px|0px|0px|0px||&#8221; custom_width_px=&#8221;1280px&#8221;][et_pb_column type=&#8221;4_4&#8243; _builder_version=&#8221;3.25&#8243; custom_padding=&#8221;|||&#8221; custom_padding__hover=&#8221;|||&#8221;][et_pb_text content_tablet=&#8221;<h1><span style=%22color: #16ca63;%22>e-Visum Antrag<\/span><\/h1>\n&#8221; content_phone=&#8221;<h1><span style=%22color: #16ca63;%22>e-Visum Antrag<\/span><\/h1>&#8221; content_last_edited=&#8221;off|desktop&#8221; _builder_version=&#8221;4.3&#8243; text_font=&#8221;Poppins||||||||&#8221; header_font=&#8221;|700|||||||&#8221; header_2_font=&#8221;|700|||||||&#8221; header_2_text_color=&#8221;#7272ff&#8221; header_2_font_size=&#8221;36px&#8221; header_2_line_height=&#8221;1.3em&#8221; text_orientation=&#8221;center&#8221; custom_margin=&#8221;||20px|&#8221; animation_style=&#8221;none&#8221; animation_direction=&#8221;bottom&#8221; locked=&#8221;off&#8221; header_font_size__hover=&#8221;30px&#8221; header_font_size__hover_enabled=&#8221;30px&#8221; header_letter_spacing__hover=&#8221;0px&#8221; header_letter_spacing__hover_enabled=&#8221;0px&#8221; header_text_shadow_style__hover=&#8221;none&#8221; header_text_shadow_style__hover_enabled=&#8221;none&#8221; header_text_shadow_color__hover=&#8221;rgba(0,0,0,0.4)&#8221; header_text_shadow_color__hover_enabled=&#8221;rgba(0,0,0,0.4)&#8221;]<h1><span style=\"color: #16ca63;\">e-Visum Onlineantrag f\u00fcr Saudi-Arabien<\/span><\/h1>[\/et_pb_text][et_pb_divider color=&#8221;#16ca63&#8243; divider_weight=&#8221;4px&#8221; disabled_on=&#8221;off|off|off&#8221; _builder_version=&#8221;4.2.2&#8243; background_size=&#8221;initial&#8221; background_position=&#8221;top_left&#8221; background_repeat=&#8221;repeat&#8221; max_width=&#8221;40px&#8221; module_alignment=&#8221;center&#8221; custom_margin=&#8221;||10px|&#8221; animation_direction=&#8221;left&#8221; saved_tabs=&#8221;all&#8221; locked=&#8221;off&#8221;][\/et_pb_divider][\/et_pb_column][\/et_pb_row][\/et_pb_section][et_pb_section fb_built=&#8221;1&#8243; admin_label=&#8221;Contact hero&#8221; _builder_version=&#8221;4.3&#8243; background_enable_color=&#8221;off&#8221; background_image=&#8221;https:\/\/visum-saudi-arabien.com\/wp-content\/uploads\/2020\/02\/hintergrund-antrag.png&#8221; custom_margin=&#8221;-40px|||||&#8221; custom_padding=&#8221;40px|0px|60px|0px||&#8221; animation_direction=&#8221;top&#8221; background_last_edited=&#8221;on|desktop&#8221; background_enable_color_tablet=&#8221;off&#8221; background_enable_image_tablet=&#8221;off&#8221; background_enable_image_phone=&#8221;off&#8221; box_shadow_style=&#8221;preset7&#8243; box_shadow_horizontal=&#8221;0px&#8221; box_shadow_vertical=&#8221;-260px&#8221; box_shadow_color=&#8221;#ffffff&#8221; locked=&#8221;off&#8221;][et_pb_row _builder_version=&#8221;4.0.9&#8243; custom_padding=&#8221;6px|||||&#8221;][et_pb_column type=&#8221;4_4&#8243; _builder_version=&#8221;4.0.9&#8243;][et_pb_code _builder_version=&#8221;4.2.2&#8243;]<script type=\"text\/javascript\" src=\"https:\/\/form.jotform.com\/jsform\/200356009480347\"><\/script>[\/et_pb_code][\/et_pb_column][\/et_pb_row][\/et_pb_section][et_pb_section fb_built=&#8221;1&#8243; _builder_version=&#8221;4.2.2&#8243; custom_padding=&#8221;6px||28px|||&#8221; hover_enabled=&#8221;0&#8243; disabled_on=&#8221;on|on|on&#8221; disabled=&#8221;on&#8221;][et_pb_row _builder_version=&#8221;4.2.2&#8243;][et_pb_column type=&#8221;4_4&#8243; _builder_version=&#8221;4.2.2&#8243;][et_pb_text _builder_version=&#8221;4.2.2&#8243; text_text_color=&#8221;#ffffff&#8221; text_font_size=&#8221;3px&#8221; hover_enabled=&#8221;0&#8243;]<p>e-visum saudi-arabien Saudi-Arabien \u00f6ffnet mit seinem neuen Touristenvisum seine T\u00fcren f\u00fcr die Welt. \u00dcber unser schnelles und benutzerfreundliches Online-Portal k\u00f6nnen internationale Besucher aus berechtigten L\u00e4ndern ein e-Visum beantragen.<\/p>\n<p>Das e-Visum wird ein einj\u00e4hriges Visum f\u00fcr die mehrfache Einreise sein, mit dem Touristen bis zu 90 Tage im Land verbringen k\u00f6nnen.<\/p>\n<p><span>Visum International ist eine Dienstleistungsagentur, welche regierungsunabh\u00e4ngig ist. Bei\u00a0Inanspruchnahme unserer Serviceleistungen\u00a0f\u00e4llt eine zus\u00e4tzliche Servicegeb\u00fchr an. Sie sind nicht\u00a0verpflichtet unsere Leistungen in Anspruch zu nehmen und k\u00f6nnen sich auch direkt an die offizielle Regierungsstelle wenden.<\/span><\/p>\n<div class=\"et_pb_module et_pb_cta_1 et_hover_enabled et_pb_promo  et_pb_text_align_left et_pb_bg_layout_dark et_pb_no_bg\">\n<div class=\"et_pb_promo_description\">\n<h3 class=\"et_pb_module_header\">G\u00fcltigkeit des e-Visums<\/h3>\n<div>\n<div>Das e-Visum ist ab Ausstellung 1 Jahr g\u00fcltig und berechtigt zur mehrfachen Einreise. Die Aufenthaltsdauer je Einreise darf 90 Tage nicht \u00fcberschreiten. Es ist gestattet, in diesem einem Jahr, sich max. 180 Tage in Saudi-Arabien aufzuhalten.<\/div>\n<\/div>\n<\/div>\n<\/div>\n<div class=\"et_pb_module et_pb_cta_2 et_hover_enabled et_pb_promo  et_pb_text_align_left et_pb_bg_layout_dark et_pb_no_bg\">\n<div class=\"et_pb_promo_description\">\n<h3 class=\"et_pb_module_header\">Reisezweck<\/h3>\n<div>\n<div>Das e-Visum kann f\u00fcr folgende Zwecke genutzt werden: Urlaub, Besuch von Familie\/Verwandten, Teilnahme an Veranstaltungen und Umrah.<\/div>\n<\/div>\n<\/div>\n<\/div>\n<div class=\"et_pb_module et_pb_cta_3 et_hover_enabled et_pb_promo  et_pb_text_align_left et_pb_bg_layout_dark et_pb_no_bg\">\n<div class=\"et_pb_promo_description\">\n<h3 class=\"et_pb_module_header\">Auslands-Krankenversicherung<\/h3>\n<div>\n<div>\n<p>Sie erhalten zusammen mit Ihrem e-Visum den Versicherungsschein f\u00fcr die Auslands-Krankenversicherung von uns zugesandt.\u00a0Die Auslands-Krankenversicherung ist obligatorisch. Das Visum kann nur zusammen mit der Versicherung beantragt werden.\u00a0\u00a0<span>Die Versicherung wird \u00fcber einer der unten genannten Versicherungsgesellschaften abgeschlossen. Die Gesellschaft wird\u00a0<strong>automatisch<\/strong>\u00a0vom System zugeteilt; eine Auswahl ist nicht m\u00f6glich.<\/span><\/p>\n<div class=\"et_pb_module et_pb_cta_1 et_hover_enabled et_pb_promo  et_pb_text_align_left et_pb_bg_layout_dark et_pb_no_bg\">\n<div class=\"et_pb_promo_description\">\n<h3 class=\"et_pb_module_header\">Das Konsulatsvisum<\/h3>\n<div>\n<p>Wenn Sie keine berechtigte Nationalit\u00e4t besitzen um ein e-Visum beantragen zu k\u00f6nnen oder falls Sie ein Visum einer anderen Kategorie ben\u00f6tigen, muss ein regul\u00e4res Visum mit pers\u00f6nlicher Vorsprache in Berlin oder Frankfurt beantragt werden (ausgenommen beim Umrah-Visum).<\/p>\n<\/div>\n<\/div>\n<\/div>\n<div class=\"et_pb_module et_pb_cta_2 et_hover_enabled et_pb_promo  et_pb_text_align_left et_pb_bg_layout_dark et_pb_no_bg\">\n<div class=\"et_pb_promo_description\">\n<h3 class=\"et_pb_module_header\">Reisezweck<\/h3>\n<div>\n<div>Das Konsulatsvisum kann f\u00fcr folgende Zwecke genutzt werden: Umrah, Besuch von Familie\/Verwandten, Gesch\u00e4ftsvisum und Tourismus.<\/div>\n<div><\/div>\n<div><span><strong>Wir sind f\u00fcr Sie da!<\/strong><\/span><span>\u00a0 Kontaktieren Sie uns ganz einfach per Kontaktformular oder rufen Sie uns pers\u00f6nlich w\u00e4hrend der \u00d6ffnungszeiten telefonisch an.\u00a0<\/span><\/div>\n<\/div>\n<\/div>\n<\/div>\n<div class=\"et_pb_module et_pb_cta_3 et_hover_enabled et_pb_promo  et_pb_text_align_left et_pb_bg_layout_dark et_pb_no_bg\">\n<div class=\"et_pb_promo_description\">\n<h3 class=\"et_pb_module_header\"><span style=\"color: #ffffff;\">Was sollte ich wissen?<\/span><\/h3>\n<div>\n<div>\n<div><span style=\"color: #ffffff;\">Wenn Sie ein Konsulatsvisum f\u00fcr Saudi-Arabien beantragen m\u00f6chten, m\u00fcssen Sie<\/span><\/div>\n<div><span style=\"color: #ffffff;\">pers\u00f6nlich in Frankfurt\/Main oder Berlin vorsprechen zwecks der Erfassung von<\/span><\/div>\n<div><span style=\"color: #ffffff;\">Fingerabdr\u00fccken (ausgenommen beim Umrah-Visum).<\/span><\/div>\n<div><span style=\"color: #ffffff;\"><a href=\"https:\/\/visum-saudi-arabien.com\/konsulatsvisum\/\" style=\"color: #ffffff;\">Zum Konsulatsvisum\u00a0<\/a><\/span><\/div>\n<div><span style=\"color: #ffffff;\"><a href=\"https:\/\/www.visum-international.de\/\" style=\"color: #ffffff;\">Zu Visum-International\u00a0<\/a><\/span><\/div>\n<\/div>\n<\/div>\n<\/div>\n<\/div>\n<\/div>\n<\/div>\n<\/div>\n<\/div>\n[\/et_pb_text][\/et_pb_column][\/et_pb_row][\/et_pb_section]\n","protected":false},"excerpt":{"rendered":"<p>e-Visum Onlineantrag f\u00fcr Saudi-Arabiene-visum saudi-arabien Saudi-Arabien \u00f6ffnet mit seinem neuen Touristenvisum seine T\u00fcren f\u00fcr die Welt. \u00dcber unser schnelles und benutzerfreundliches Online-Portal k\u00f6nnen internationale Besucher aus berechtigten L\u00e4ndern ein e-Visum beantragen. Das e-Visum wird ein einj\u00e4hriges Visum f\u00fcr die mehrfache Einreise sein, mit dem Touristen bis zu 90 Tage im Land verbringen k\u00f6nnen. Visum International [&hellip;]<\/p>\n","protected":false},"author":1,"featured_media":0,"parent":0,"menu_order":0,"comment_status":"closed","ping_status":"closed","template":"","meta":{"_et_pb_use_builder":"on","_et_pb_old_content":"","_et_gb_content_width":""},"yoast_head":"<!-- This site is optimized with the Yoast SEO plugin v21.8.1 - https:\/\/yoast.com\/wordpress\/plugins\/seo\/ -->\n<title>e-visum Saudi-Arabien | Jetzt beantragen | Visum Saudi-Arabien<\/title>\n<meta name=\"description\" content=\"Jetzt online e-Visum Saudi-Arabien beantragen und per E-Mail erhalten. Schnell und unkompliziert. Ihr Visum f\u00fcr Umrah, Event, Besuch, Urlaub\" \/>\n<meta name=\"robots\" content=\"index, follow, max-snippet:-1, max-image-preview:large, max-video-preview:-1\" \/>\n<link rel=\"canonical\" href=\"https:\/\/visum-saudi-arabien.com\/en\/jetzt-beantragen\/\" \/>\n<meta property=\"og:locale\" content=\"en_GB\" \/>\n<meta property=\"og:type\" content=\"article\" \/>\n<meta property=\"og:title\" content=\"e-visum Saudi-Arabien | Jetzt beantragen | Visum Saudi-Arabien\" \/>\n<meta property=\"og:description\" content=\"Jetzt online e-Visum Saudi-Arabien beantragen und per E-Mail erhalten. Schnell und unkompliziert. Ihr Visum f\u00fcr Umrah, Event, Besuch, Urlaub\" \/>\n<meta property=\"og:url\" content=\"https:\/\/visum-saudi-arabien.com\/en\/jetzt-beantragen\/\" \/>\n<meta property=\"og:site_name\" content=\"Visum Saudi-Arabien\" \/>\n<meta property=\"article:modified_time\" content=\"2020-02-10T18:37:20+00:00\" \/>\n<meta name=\"twitter:card\" content=\"summary_large_image\" \/>\n<meta name=\"twitter:label1\" content=\"Estimated reading time\" \/>\n\t<meta name=\"twitter:data1\" content=\"4 minutes\" \/>\n<script type=\"application\/ld+json\" class=\"yoast-schema-graph\">{\"@context\":\"https:\/\/schema.org\",\"@graph\":[{\"@type\":\"WebPage\",\"@id\":\"https:\/\/visum-saudi-arabien.com\/jetzt-beantragen\/\",\"url\":\"https:\/\/visum-saudi-arabien.com\/jetzt-beantragen\/\",\"name\":\"e-visum Saudi-Arabien | Jetzt beantragen | Visum Saudi-Arabien\",\"isPartOf\":{\"@id\":\"https:\/\/visum-saudi-arabien.com\/#website\"},\"datePublished\":\"2020-02-02T11:37:23+00:00\",\"dateModified\":\"2020-02-10T18:37:20+00:00\",\"description\":\"Jetzt online e-Visum Saudi-Arabien beantragen und per E-Mail erhalten. Schnell und unkompliziert. Ihr Visum f\u00fcr Umrah, Event, Besuch, Urlaub\",\"breadcrumb\":{\"@id\":\"https:\/\/visum-saudi-arabien.com\/jetzt-beantragen\/#breadcrumb\"},\"inLanguage\":\"en-GB\",\"potentialAction\":[{\"@type\":\"ReadAction\",\"target\":[\"https:\/\/visum-saudi-arabien.com\/jetzt-beantragen\/\"]}]},{\"@type\":\"BreadcrumbList\",\"@id\":\"https:\/\/visum-saudi-arabien.com\/jetzt-beantragen\/#breadcrumb\",\"itemListElement\":[{\"@type\":\"ListItem\",\"position\":1,\"name\":\"Startseite\",\"item\":\"https:\/\/visum-saudi-arabien.com\/\"},{\"@type\":\"ListItem\",\"position\":2,\"name\":\"Jetzt beantragen\"}]},{\"@type\":\"WebSite\",\"@id\":\"https:\/\/visum-saudi-arabien.com\/#website\",\"url\":\"https:\/\/visum-saudi-arabien.com\/\",\"name\":\"Visum International\",\"description\":\"e-Visum online beantragen\",\"publisher\":{\"@id\":\"https:\/\/visum-saudi-arabien.com\/#organization\"},\"potentialAction\":[{\"@type\":\"SearchAction\",\"target\":{\"@type\":\"EntryPoint\",\"urlTemplate\":\"https:\/\/visum-saudi-arabien.com\/?s={search_term_string}\"},\"query-input\":\"required name=search_term_string\"}],\"inLanguage\":\"en-GB\"},{\"@type\":\"Organization\",\"@id\":\"https:\/\/visum-saudi-arabien.com\/#organization\",\"name\":\"Visum International\",\"url\":\"https:\/\/visum-saudi-arabien.com\/\",\"logo\":{\"@type\":\"ImageObject\",\"inLanguage\":\"en-GB\",\"@id\":\"https:\/\/visum-saudi-arabien.com\/#\/schema\/logo\/image\/\",\"url\":\"\",\"contentUrl\":\"\",\"caption\":\"Visum International\"},\"image\":{\"@id\":\"https:\/\/visum-saudi-arabien.com\/#\/schema\/logo\/image\/\"}}]}<\/script>\n<!-- \/ Yoast SEO plugin. -->","yoast_head_json":{"title":"e-visum Saudi-Arabien | Jetzt beantragen | Visum Saudi-Arabien","description":"Jetzt online e-Visum Saudi-Arabien beantragen und per E-Mail erhalten. Schnell und unkompliziert. Ihr Visum f\u00fcr Umrah, Event, Besuch, Urlaub","robots":{"index":"index","follow":"follow","max-snippet":"max-snippet:-1","max-image-preview":"max-image-preview:large","max-video-preview":"max-video-preview:-1"},"canonical":"https:\/\/visum-saudi-arabien.com\/en\/jetzt-beantragen\/","og_locale":"en_GB","og_type":"article","og_title":"e-visum Saudi-Arabien | Jetzt beantragen | Visum Saudi-Arabien","og_description":"Jetzt online e-Visum Saudi-Arabien beantragen und per E-Mail erhalten. Schnell und unkompliziert. Ihr Visum f\u00fcr Umrah, Event, Besuch, Urlaub","og_url":"https:\/\/visum-saudi-arabien.com\/en\/jetzt-beantragen\/","og_site_name":"Visum Saudi-Arabien","article_modified_time":"2020-02-10T18:37:20+00:00","twitter_card":"summary_large_image","twitter_misc":{"Estimated reading time":"4 minutes"},"schema":{"@context":"https:\/\/schema.org","@graph":[{"@type":"WebPage","@id":"https:\/\/visum-saudi-arabien.com\/jetzt-beantragen\/","url":"https:\/\/visum-saudi-arabien.com\/jetzt-beantragen\/","name":"e-visum Saudi-Arabien | Jetzt beantragen | Visum Saudi-Arabien","isPartOf":{"@id":"https:\/\/visum-saudi-arabien.com\/#website"},"datePublished":"2020-02-02T11:37:23+00:00","dateModified":"2020-02-10T18:37:20+00:00","description":"Jetzt online e-Visum Saudi-Arabien beantragen und per E-Mail erhalten. Schnell und unkompliziert. Ihr Visum f\u00fcr Umrah, Event, Besuch, Urlaub","breadcrumb":{"@id":"https:\/\/visum-saudi-arabien.com\/jetzt-beantragen\/#breadcrumb"},"inLanguage":"en-GB","potentialAction":[{"@type":"ReadAction","target":["https:\/\/visum-saudi-arabien.com\/jetzt-beantragen\/"]}]},{"@type":"BreadcrumbList","@id":"https:\/\/visum-saudi-arabien.com\/jetzt-beantragen\/#breadcrumb","itemListElement":[{"@type":"ListItem","position":1,"name":"Startseite","item":"https:\/\/visum-saudi-arabien.com\/"},{"@type":"ListItem","position":2,"name":"Jetzt beantragen"}]},{"@type":"WebSite","@id":"https:\/\/visum-saudi-arabien.com\/#website","url":"https:\/\/visum-saudi-arabien.com\/","name":"Visum International","description":"e-Visum online beantragen","publisher":{"@id":"https:\/\/visum-saudi-arabien.com\/#organization"},"potentialAction":[{"@type":"SearchAction","target":{"@type":"EntryPoint","urlTemplate":"https:\/\/visum-saudi-arabien.com\/?s={search_term_string}"},"query-input":"required name=search_term_string"}],"inLanguage":"en-GB"},{"@type":"Organization","@id":"https:\/\/visum-saudi-arabien.com\/#organization","name":"Visum International","url":"https:\/\/visum-saudi-arabien.com\/","logo":{"@type":"ImageObject","inLanguage":"en-GB","@id":"https:\/\/visum-saudi-arabien.com\/#\/schema\/logo\/image\/","url":"","contentUrl":"","caption":"Visum International"},"image":{"@id":"https:\/\/visum-saudi-arabien.com\/#\/schema\/logo\/image\/"}}]}},"_links":{"self":[{"href":"https:\/\/visum-saudi-arabien.com\/en\/wp-json\/wp\/v2\/pages\/223400"}],"collection":[{"href":"https:\/\/visum-saudi-arabien.com\/en\/wp-json\/wp\/v2\/pages"}],"about":[{"href":"https:\/\/visum-saudi-arabien.com\/en\/wp-json\/wp\/v2\/types\/page"}],"author":[{"embeddable":true,"href":"https:\/\/visum-saudi-arabien.com\/en\/wp-json\/wp\/v2\/users\/1"}],"replies":[{"embeddable":true,"href":"https:\/\/visum-saudi-arabien.com\/en\/wp-json\/wp\/v2\/comments?post=223400"}],"version-history":[{"count":53,"href":"https:\/\/visum-saudi-arabien.com\/en\/wp-json\/wp\/v2\/pages\/223400\/revisions"}],"predecessor-version":[{"id":225389,"href":"https:\/\/visum-saudi-arabien.com\/en\/wp-json\/wp\/v2\/pages\/223400\/revisions\/225389"}],"wp:attachment":[{"href":"https:\/\/visum-saudi-arabien.com\/en\/wp-json\/wp\/v2\/media?parent=223400"}],"curies":[{"name":"wp","href":"https:\/\/api.w.org\/{rel}","templated":true}]}}